{"id":114,"date":"2023-06-26T23:18:23","date_gmt":"2023-06-26T23:18:23","guid":{"rendered":"https:\/\/asesoriastotales.cl\/?page_id=114"},"modified":"2024-01-02T21:07:48","modified_gmt":"2024-01-02T21:07:48","slug":"servicios","status":"publish","type":"page","link":"https:\/\/asesoriastotales.cl\/index.php\/servicios\/","title":{"rendered":"Servicios"},"content":{"rendered":"\t\t<div data-elementor-type=\"wp-page\" data-elementor-id=\"114\" class=\"elementor elementor-114\" data-elementor-post-type=\"page\">\n\t\t\t\t\t\t<section class=\"elementor-section elementor-top-section elementor-element elementor-element-52e9b5fa elementor-section-boxed elementor-section-height-default elementor-section-height-default\" data-id=\"52e9b5fa\" data-element_type=\"section\" data-e-type=\"section\" data-settings=\"{&quot;background_background&quot;:&quot;classic&quot;}\">\n\t\t\t\t\t\t\t<div class=\"elementor-background-overlay\"><\/div>\n\t\t\t\t\t\t\t<div class=\"elementor-container elementor-column-gap-default\">\n\t\t\t\t\t<div class=\"elementor-column elementor-col-100 elementor-top-column elementor-element elementor-element-5190a7ed\" data-id=\"5190a7ed\" data-element_type=\"column\" data-e-type=\"column\" data-settings=\"{&quot;background_background&quot;:&quot;classic&quot;}\">\n\t\t\t<div class=\"elementor-widget-wrap elementor-element-populated\">\n\t\t\t\t\t\t<div class=\"elementor-element elementor-element-63b39d72 elementor-widget elementor-widget-heading\" data-id=\"63b39d72\" data-element_type=\"widget\" data-e-type=\"widget\" data-widget_type=\"heading.default\">\n\t\t\t\t<div class=\"elementor-widget-container\">\n\t\t\t\t\t<h3 class=\"elementor-heading-title elementor-size-default\">Servicios<\/h3>\t\t\t\t<\/div>\n\t\t\t\t<\/div>\n\t\t\t\t<div class=\"elementor-element elementor-element-50575594 elementor-widget elementor-widget-heading\" data-id=\"50575594\" data-element_type=\"widget\" data-e-type=\"widget\" data-widget_type=\"heading.default\">\n\t\t\t\t<div class=\"elementor-widget-container\">\n\t\t\t\t\t<p class=\"elementor-heading-title elementor-size-default\">Inicio \/ Servicios<\/p>\t\t\t\t<\/div>\n\t\t\t\t<\/div>\n\t\t\t\t\t<\/div>\n\t\t<\/div>\n\t\t\t\t\t<\/div>\n\t\t<\/section>\n\t\t\t\t<section class=\"elementor-section elementor-top-section elementor-element elementor-element-f24c58c elementor-section-boxed elementor-section-height-default elementor-section-height-default\" data-id=\"f24c58c\" data-element_type=\"section\" data-e-type=\"section\" data-settings=\"{&quot;background_background&quot;:&quot;classic&quot;}\">\n\t\t\t\t\t\t<div class=\"elementor-container elementor-column-gap-no\">\n\t\t\t\t\t<div class=\"elementor-column elementor-col-100 elementor-top-column elementor-element elementor-element-698b0d26\" data-id=\"698b0d26\" data-element_type=\"column\" data-e-type=\"column\">\n\t\t\t<div class=\"elementor-widget-wrap elementor-element-populated\">\n\t\t\t\t\t\t<section class=\"elementor-section elementor-inner-section elementor-element elementor-element-4dd8a02 elementor-section-boxed elementor-section-height-default elementor-section-height-default\" data-id=\"4dd8a02\" data-element_type=\"section\" data-e-type=\"section\">\n\t\t\t\t\t\t<div class=\"elementor-container elementor-column-gap-default\">\n\t\t\t\t\t<div class=\"elementor-column elementor-col-25 elementor-inner-column elementor-element elementor-element-33a1fb14\" data-id=\"33a1fb14\" data-element_type=\"column\" data-e-type=\"column\">\n\t\t\t<div class=\"elementor-widget-wrap elementor-element-populated\">\n\t\t\t\t\t\t<div class=\"elementor-element elementor-element-141bc460 elementor-widget elementor-widget-heading\" data-id=\"141bc460\" data-element_type=\"widget\" data-e-type=\"widget\" data-widget_type=\"heading.default\">\n\t\t\t\t<div class=\"elementor-widget-container\">\n\t\t\t\t\t<h4 class=\"elementor-heading-title elementor-size-default\">Asesor\u00edas <\/h4>\t\t\t\t<\/div>\n\t\t\t\t<\/div>\n\t\t\t\t<div class=\"elementor-element elementor-element-4c4943ef elementor-widget elementor-widget-heading\" data-id=\"4c4943ef\" data-element_type=\"widget\" data-e-type=\"widget\" data-widget_type=\"heading.default\">\n\t\t\t\t<div class=\"elementor-widget-container\">\n\t\t\t\t\t<h6 class=\"elementor-heading-title elementor-size-default\">Asesor\u00edas  Totales<\/h6>\t\t\t\t<\/div>\n\t\t\t\t<\/div>\n\t\t\t\t\t<\/div>\n\t\t<\/div>\n\t\t\t\t<div class=\"elementor-column elementor-col-50 elementor-inner-column elementor-element elementor-element-643d6249\" data-id=\"643d6249\" data-element_type=\"column\" data-e-type=\"column\">\n\t\t\t<div class=\"elementor-widget-wrap elementor-element-populated\">\n\t\t\t\t\t\t<div class=\"elementor-element elementor-element-754ce928 elementor-widget elementor-widget-text-editor\" data-id=\"754ce928\" data-element_type=\"widget\" data-e-type=\"widget\" data-widget_type=\"text-editor.default\">\n\t\t\t\t<div class=\"elementor-widget-container\">\n\t\t\t\t\t\t\t\t\t<div class=\"wDYxhc\" lang=\"es-CL\" data-md=\"61\"><div class=\"LGOjhe\" role=\"heading\" data-attrid=\"wa:\/description\" aria-level=\"3\" data-hveid=\"CCIQAA\"><span class=\"ILfuVd\" lang=\"es\"><span class=\"hgKElc\">La asesor\u00eda, en cualquier de sus \u00e1mbitos,\u00a0<b>es el servicio que ofrece un profesional que brinda recomendaciones, sugerencias y consejos sobre un \u00e1rea en el que se ha especializado<\/b>. Como veremos m\u00e1s abajo, existen tantas especializaciones como tipos de asesor\u00edas.<\/span><\/span><\/div><\/div><div class=\"g\"><div lang=\"es\" data-hveid=\"CBQQAA\" data-ved=\"2ahUKEwiR-s6IlOb_AhXYBrkGHbPCAUgQFSgAegQIFBAA\"><div class=\"tF2Cxc\">\u00a0<\/div><\/div><\/div>\t\t\t\t\t\t\t\t<\/div>\n\t\t\t\t<\/div>\n\t\t\t\t\t<\/div>\n\t\t<\/div>\n\t\t\t\t<div class=\"elementor-column elementor-col-25 elementor-inner-column elementor-element elementor-element-7038a8d2\" data-id=\"7038a8d2\" data-element_type=\"column\" data-e-type=\"column\">\n\t\t\t<div class=\"elementor-widget-wrap elementor-element-populated\">\n\t\t\t\t\t\t<div class=\"elementor-element elementor-element-3213f1b5 elementor-widget elementor-widget-image\" data-id=\"3213f1b5\" data-element_type=\"widget\" data-e-type=\"widget\" data-widget_type=\"image.default\">\n\t\t\t\t<div class=\"elementor-widget-container\">\n\t\t\t\t\t\t\t\t\t\t\t\t\t\t\t<img fetchpriority=\"high\" decoding=\"async\" width=\"400\" height=\"300\" src=\"https:\/\/asesoriastotales.cl\/wp-content\/uploads\/2023\/06\/history3.jpg\" class=\"attachment-large size-large wp-image-68\" alt=\"\" srcset=\"https:\/\/asesoriastotales.cl\/wp-content\/uploads\/2023\/06\/history3.jpg 400w, https:\/\/asesoriastotales.cl\/wp-content\/uploads\/2023\/06\/history3-300x225.jpg 300w\" sizes=\"(max-width: 400px) 100vw, 400px\" \/>\t\t\t\t\t\t\t\t\t\t\t\t\t\t\t<\/div>\n\t\t\t\t<\/div>\n\t\t\t\t\t<\/div>\n\t\t<\/div>\n\t\t\t\t\t<\/div>\n\t\t<\/section>\n\t\t\t\t<div class=\"elementor-element elementor-element-48e8960c elementor-widget-divider--view-line elementor-widget elementor-widget-divider\" data-id=\"48e8960c\" data-element_type=\"widget\" data-e-type=\"widget\" data-widget_type=\"divider.default\">\n\t\t\t\t<div class=\"elementor-widget-container\">\n\t\t\t\t\t\t\t<div class=\"elementor-divider\">\n\t\t\t<span class=\"elementor-divider-separator\">\n\t\t\t\t\t\t<\/span>\n\t\t<\/div>\n\t\t\t\t\t\t<\/div>\n\t\t\t\t<\/div>\n\t\t\t\t<section class=\"elementor-section elementor-inner-section elementor-element elementor-element-59d7404 elementor-section-boxed elementor-section-height-default elementor-section-height-default\" data-id=\"59d7404\" data-element_type=\"section\" data-e-type=\"section\">\n\t\t\t\t\t\t<div class=\"elementor-container elementor-column-gap-default\">\n\t\t\t\t\t<div class=\"elementor-column elementor-col-25 elementor-inner-column elementor-element elementor-element-1c60a74b\" data-id=\"1c60a74b\" data-element_type=\"column\" data-e-type=\"column\">\n\t\t\t<div class=\"elementor-widget-wrap elementor-element-populated\">\n\t\t\t\t\t\t<div class=\"elementor-element elementor-element-9d4f2f9 elementor-widget elementor-widget-heading\" data-id=\"9d4f2f9\" data-element_type=\"widget\" data-e-type=\"widget\" data-widget_type=\"heading.default\">\n\t\t\t\t<div class=\"elementor-widget-container\">\n\t\t\t\t\t<h4 class=\"elementor-heading-title elementor-size-default\">Consultor\u00edas Jur\u00eddicas<\/h4>\t\t\t\t<\/div>\n\t\t\t\t<\/div>\n\t\t\t\t<div class=\"elementor-element elementor-element-35c5271a elementor-widget elementor-widget-heading\" data-id=\"35c5271a\" data-element_type=\"widget\" data-e-type=\"widget\" data-widget_type=\"heading.default\">\n\t\t\t\t<div class=\"elementor-widget-container\">\n\t\t\t\t\t<h5 class=\"elementor-heading-title elementor-size-default\">Asesor\u00edas  Totales<\/h5>\t\t\t\t<\/div>\n\t\t\t\t<\/div>\n\t\t\t\t\t<\/div>\n\t\t<\/div>\n\t\t\t\t<div class=\"elementor-column elementor-col-50 elementor-inner-column elementor-element elementor-element-2f784be1\" data-id=\"2f784be1\" data-element_type=\"column\" data-e-type=\"column\">\n\t\t\t<div class=\"elementor-widget-wrap elementor-element-populated\">\n\t\t\t\t\t\t<div class=\"elementor-element elementor-element-8757de6 elementor-widget elementor-widget-text-editor\" data-id=\"8757de6\" data-element_type=\"widget\" data-e-type=\"widget\" data-widget_type=\"text-editor.default\">\n\t\t\t\t<div class=\"elementor-widget-container\">\n\t\t\t\t\t\t\t\t\t<p>La consultor\u00eda jur\u00eddica\u00a0<b>la realiza una persona o un equipo de profesionales que se dedican a estudiar, analizar, comprender y proponer una serie de soluciones cuando la compa\u00f1\u00eda pasa por problemas jur\u00eddicos.<\/b><\/p>\t\t\t\t\t\t\t\t<\/div>\n\t\t\t\t<\/div>\n\t\t\t\t\t<\/div>\n\t\t<\/div>\n\t\t\t\t<div class=\"elementor-column elementor-col-25 elementor-inner-column elementor-element elementor-element-3fa09fbd\" data-id=\"3fa09fbd\" data-element_type=\"column\" data-e-type=\"column\">\n\t\t\t<div class=\"elementor-widget-wrap elementor-element-populated\">\n\t\t\t\t\t\t<div class=\"elementor-element elementor-element-dabfe8 elementor-widget elementor-widget-image\" data-id=\"dabfe8\" data-element_type=\"widget\" data-e-type=\"widget\" data-widget_type=\"image.default\">\n\t\t\t\t<div class=\"elementor-widget-container\">\n\t\t\t\t\t\t\t\t\t\t\t\t\t\t\t<img decoding=\"async\" width=\"800\" height=\"500\" src=\"https:\/\/asesoriastotales.cl\/wp-content\/uploads\/2023\/06\/pa2.jpg\" class=\"attachment-large size-large wp-image-70\" alt=\"\" srcset=\"https:\/\/asesoriastotales.cl\/wp-content\/uploads\/2023\/06\/pa2.jpg 800w, https:\/\/asesoriastotales.cl\/wp-content\/uploads\/2023\/06\/pa2-300x188.jpg 300w, https:\/\/asesoriastotales.cl\/wp-content\/uploads\/2023\/06\/pa2-768x480.jpg 768w\" sizes=\"(max-width: 800px) 100vw, 800px\" \/>\t\t\t\t\t\t\t\t\t\t\t\t\t\t\t<\/div>\n\t\t\t\t<\/div>\n\t\t\t\t\t<\/div>\n\t\t<\/div>\n\t\t\t\t\t<\/div>\n\t\t<\/section>\n\t\t\t\t<div class=\"elementor-element elementor-element-695fab4c elementor-widget-divider--view-line elementor-widget elementor-widget-divider\" data-id=\"695fab4c\" data-element_type=\"widget\" data-e-type=\"widget\" data-widget_type=\"divider.default\">\n\t\t\t\t<div class=\"elementor-widget-container\">\n\t\t\t\t\t\t\t<div class=\"elementor-divider\">\n\t\t\t<span class=\"elementor-divider-separator\">\n\t\t\t\t\t\t<\/span>\n\t\t<\/div>\n\t\t\t\t\t\t<\/div>\n\t\t\t\t<\/div>\n\t\t\t\t<section class=\"elementor-section elementor-inner-section elementor-element elementor-element-eed4efe elementor-section-boxed elementor-section-height-default elementor-section-height-default\" data-id=\"eed4efe\" data-element_type=\"section\" data-e-type=\"section\">\n\t\t\t\t\t\t<div class=\"elementor-container elementor-column-gap-default\">\n\t\t\t\t\t<div class=\"elementor-column elementor-col-25 elementor-inner-column elementor-element elementor-element-35e9db44\" data-id=\"35e9db44\" data-element_type=\"column\" data-e-type=\"column\">\n\t\t\t<div class=\"elementor-widget-wrap elementor-element-populated\">\n\t\t\t\t\t\t<div class=\"elementor-element elementor-element-5f45fa56 elementor-widget elementor-widget-heading\" data-id=\"5f45fa56\" data-element_type=\"widget\" data-e-type=\"widget\" data-widget_type=\"heading.default\">\n\t\t\t\t<div class=\"elementor-widget-container\">\n\t\t\t\t\t<h4 class=\"elementor-heading-title elementor-size-default\">Auditor\u00eda Forense<\/h4>\t\t\t\t<\/div>\n\t\t\t\t<\/div>\n\t\t\t\t<div class=\"elementor-element elementor-element-254cb64a elementor-widget elementor-widget-heading\" data-id=\"254cb64a\" data-element_type=\"widget\" data-e-type=\"widget\" data-widget_type=\"heading.default\">\n\t\t\t\t<div class=\"elementor-widget-container\">\n\t\t\t\t\t<h5 class=\"elementor-heading-title elementor-size-default\">Asesor\u00edas  Totales<\/h5>\t\t\t\t<\/div>\n\t\t\t\t<\/div>\n\t\t\t\t\t<\/div>\n\t\t<\/div>\n\t\t\t\t<div class=\"elementor-column elementor-col-50 elementor-inner-column elementor-element elementor-element-7d192bc7\" data-id=\"7d192bc7\" data-element_type=\"column\" data-e-type=\"column\">\n\t\t\t<div class=\"elementor-widget-wrap elementor-element-populated\">\n\t\t\t\t\t\t<div class=\"elementor-element elementor-element-39401763 elementor-widget elementor-widget-text-editor\" data-id=\"39401763\" data-element_type=\"widget\" data-e-type=\"widget\" data-widget_type=\"text-editor.default\">\n\t\t\t\t<div class=\"elementor-widget-container\">\n\t\t\t\t\t\t\t\t\t<p>La <b>Auditor\u00eda Forense<\/b> se encarga de realizar an\u00e1lisis mediante metodolog\u00eda cient\u00edfica para poder emitir un diagn\u00f3stico \u00f3ptimo, y entregar informaci\u00f3n fidedigna y oportuna para la toma de decisiones.<\/p>\t\t\t\t\t\t\t\t<\/div>\n\t\t\t\t<\/div>\n\t\t\t\t\t<\/div>\n\t\t<\/div>\n\t\t\t\t<div class=\"elementor-column elementor-col-25 elementor-inner-column elementor-element elementor-element-32a26c7a\" data-id=\"32a26c7a\" data-element_type=\"column\" data-e-type=\"column\">\n\t\t\t<div class=\"elementor-widget-wrap elementor-element-populated\">\n\t\t\t\t\t\t<div class=\"elementor-element elementor-element-715dba53 elementor-widget elementor-widget-image\" data-id=\"715dba53\" data-element_type=\"widget\" data-e-type=\"widget\" data-widget_type=\"image.default\">\n\t\t\t\t<div class=\"elementor-widget-container\">\n\t\t\t\t\t\t\t\t\t\t\t\t\t\t\t<img decoding=\"async\" width=\"800\" height=\"534\" src=\"https:\/\/asesoriastotales.cl\/wp-content\/uploads\/2023\/06\/Manejo-de-los-documentos-Contables-y-Financieros-de-una-organizacion-1024x684.jpg\" class=\"attachment-large size-large wp-image-149\" alt=\"\" srcset=\"https:\/\/asesoriastotales.cl\/wp-content\/uploads\/2023\/06\/Manejo-de-los-documentos-Contables-y-Financieros-de-una-organizacion-1024x684.jpg 1024w, https:\/\/asesoriastotales.cl\/wp-content\/uploads\/2023\/06\/Manejo-de-los-documentos-Contables-y-Financieros-de-una-organizacion-300x200.jpg 300w, https:\/\/asesoriastotales.cl\/wp-content\/uploads\/2023\/06\/Manejo-de-los-documentos-Contables-y-Financieros-de-una-organizacion-768x513.jpg 768w, https:\/\/asesoriastotales.cl\/wp-content\/uploads\/2023\/06\/Manejo-de-los-documentos-Contables-y-Financieros-de-una-organizacion.jpg 1198w\" sizes=\"(max-width: 800px) 100vw, 800px\" \/>\t\t\t\t\t\t\t\t\t\t\t\t\t\t\t<\/div>\n\t\t\t\t<\/div>\n\t\t\t\t\t<\/div>\n\t\t<\/div>\n\t\t\t\t\t<\/div>\n\t\t<\/section>\n\t\t\t\t<div class=\"elementor-element elementor-element-6baaaac9 elementor-widget elementor-widget-spacer\" data-id=\"6baaaac9\" data-element_type=\"widget\" data-e-type=\"widget\" data-widget_type=\"spacer.default\">\n\t\t\t\t<div class=\"elementor-widget-container\">\n\t\t\t\t\t\t\t<div class=\"elementor-spacer\">\n\t\t\t<div class=\"elementor-spacer-inner\"><\/div>\n\t\t<\/div>\n\t\t\t\t\t\t<\/div>\n\t\t\t\t<\/div>\n\t\t\t\t\t<\/div>\n\t\t<\/div>\n\t\t\t\t\t<\/div>\n\t\t<\/section>\n\t\t\t\t<\/div>\n\t\t","protected":false},"excerpt":{"rendered":"<p>Servicios Inicio \/ Servicios Asesor\u00edas Asesor\u00edas Totales La asesor\u00eda, en cualquier de sus \u00e1mbitos,\u00a0es el servicio que ofrece un profesional que brinda recomendaciones, sugerencias y consejos sobre un \u00e1rea en el que se ha especializado. Como veremos m\u00e1s abajo, existen tantas especializaciones como tipos de asesor\u00edas.\u00a0 Consultor\u00edas Jur\u00eddicas Asesor\u00edas Totales La consultor\u00eda jur\u00eddica\u00a0la realiza una [&hellip;]<\/p>\n","protected":false},"author":1,"featured_media":0,"parent":0,"menu_order":0,"comment_status":"closed","ping_status":"closed","template":"","meta":{"footnotes":""},"class_list":["post-114","page","type-page","status-publish","hentry"],"_links":{"self":[{"href":"https:\/\/asesoriastotales.cl\/index.php\/wp-json\/wp\/v2\/pages\/114","targetHints":{"allow":["GET"]}}],"collection":[{"href":"https:\/\/asesoriastotales.cl\/index.php\/wp-json\/wp\/v2\/pages"}],"about":[{"href":"https:\/\/asesoriastotales.cl\/index.php\/wp-json\/wp\/v2\/types\/page"}],"author":[{"embeddable":true,"href":"https:\/\/asesoriastotales.cl\/index.php\/wp-json\/wp\/v2\/users\/1"}],"replies":[{"embeddable":true,"href":"https:\/\/asesoriastotales.cl\/index.php\/wp-json\/wp\/v2\/comments?post=114"}],"version-history":[{"count":16,"href":"https:\/\/asesoriastotales.cl\/index.php\/wp-json\/wp\/v2\/pages\/114\/revisions"}],"predecessor-version":[{"id":239,"href":"https:\/\/asesoriastotales.cl\/index.php\/wp-json\/wp\/v2\/pages\/114\/revisions\/239"}],"wp:attachment":[{"href":"https:\/\/asesoriastotales.cl\/index.php\/wp-json\/wp\/v2\/media?parent=114"}],"curies":[{"name":"wp","href":"https:\/\/api.w.org\/{rel}","templated":true}]}}